{"id":9,"date":"2021-09-28T22:01:00","date_gmt":"2021-09-29T01:01:00","guid":{"rendered":"http:\/\/gassaofrancisco.com.br\/site\/?page_id=9"},"modified":"2021-11-29T21:42:45","modified_gmt":"2021-11-30T00:42:45","slug":"sobre","status":"publish","type":"page","link":"https:\/\/gassaofrancisco.com.br\/site\/index.php\/sobre\/","title":{"rendered":"Por que o G\u00e1s S\u00e3o Francisco?"},"content":{"rendered":"\t\t<div data-elementor-type=\"wp-page\" data-elementor-id=\"9\" class=\"elementor elementor-9\" data-elementor-settings=\"[]\">\n\t\t\t\t\t\t\t<div class=\"elementor-section-wrap\">\n\t\t\t\t\t\t\t<section class=\"elementor-section elementor-top-section elementor-element elementor-element-6b3a1ef elementor-section-boxed elementor-section-height-default elementor-section-height-default\" data-id=\"6b3a1ef\" data-element_type=\"section\" data-settings=\"{&quot;background_background&quot;:&quot;classic&quot;}\">\n\t\t\t\t\t\t<div class=\"elementor-container elementor-column-gap-default\">\n\t\t\t\t\t<div class=\"elementor-column elementor-col-100 elementor-top-column elementor-element elementor-element-8c9ff98\" data-id=\"8c9ff98\" data-element_type=\"column\">\n\t\t\t<div class=\"elementor-widget-wrap elementor-element-populated\">\n\t\t\t\t\t\t\t\t<div class=\"elementor-element elementor-element-9e85f72 elementor-widget elementor-widget-spacer\" data-id=\"9e85f72\" data-element_type=\"widget\" data-widget_type=\"spacer.default\">\n\t\t\t\t<div class=\"elementor-widget-container\">\n\t\t\t\t\t<div class=\"elementor-spacer\">\n\t\t\t<div class=\"elementor-spacer-inner\"><\/div>\n\t\t<\/div>\n\t\t\t\t<\/div>\n\t\t\t\t<\/div>\n\t\t\t\t\t<\/div>\n\t\t<\/div>\n\t\t\t\t\t\t\t<\/div>\n\t\t<\/section>\n\t\t\t\t<section class=\"elementor-section elementor-top-section elementor-element elementor-element-401ad71 elementor-section-boxed elementor-section-height-default elementor-section-height-default\" data-id=\"401ad71\" data-element_type=\"section\">\n\t\t\t\t\t\t<div class=\"elementor-container elementor-column-gap-default\">\n\t\t\t\t\t<div class=\"elementor-column elementor-col-33 elementor-top-column elementor-element elementor-element-9cd4f99\" data-id=\"9cd4f99\" data-element_type=\"column\">\n\t\t\t<div class=\"elementor-widget-wrap elementor-element-populated\">\n\t\t\t\t\t\t\t\t<div class=\"elementor-element elementor-element-c8cbf4f elementor-widget elementor-widget-image\" data-id=\"c8cbf4f\" data-element_type=\"widget\" data-widget_type=\"image.default\">\n\t\t\t\t<div class=\"elementor-widget-container\">\n\t\t\t\t\t\t\t\t\t\t\t\t\t\t\t<img src=\"https:\/\/gassaofrancisco.com.br\/site\/wp-content\/uploads\/2021\/09\/logo.png\" title=\"logo\" alt=\"Logo da empresa\" \/>\t\t\t\t\t\t\t\t\t\t\t\t\t\t\t<\/div>\n\t\t\t\t<\/div>\n\t\t\t\t\t<\/div>\n\t\t<\/div>\n\t\t\t\t<div class=\"elementor-column elementor-col-66 elementor-top-column elementor-element elementor-element-7e5c32a elementor-hidden-tablet elementor-hidden-mobile\" data-id=\"7e5c32a\" data-element_type=\"column\">\n\t\t\t<div class=\"elementor-widget-wrap elementor-element-populated\">\n\t\t\t\t\t\t\t\t<div class=\"elementor-element elementor-element-409a23a elementor-widget elementor-widget-spacer\" data-id=\"409a23a\" data-element_type=\"widget\" data-widget_type=\"spacer.default\">\n\t\t\t\t<div class=\"elementor-widget-container\">\n\t\t\t\t\t<div class=\"elementor-spacer\">\n\t\t\t<div class=\"elementor-spacer-inner\"><\/div>\n\t\t<\/div>\n\t\t\t\t<\/div>\n\t\t\t\t<\/div>\n\t\t\t\t<div class=\"elementor-element elementor-element-f5f1248 elementor-nav-menu__align-justify elementor-hidden-tablet elementor-hidden-mobile elementor-nav-menu--dropdown-tablet elementor-nav-menu__text-align-aside elementor-nav-menu--toggle elementor-nav-menu--burger elementor-widget elementor-widget-nav-menu\" data-id=\"f5f1248\" data-element_type=\"widget\" data-settings=\"{&quot;layout&quot;:&quot;horizontal&quot;,&quot;submenu_icon&quot;:{&quot;value&quot;:&quot;&lt;i class=\\&quot;fas fa-caret-down\\&quot;&gt;&lt;\\\/i&gt;&quot;,&quot;library&quot;:&quot;fa-solid&quot;},&quot;toggle&quot;:&quot;burger&quot;}\" data-widget_type=\"nav-menu.default\">\n\t\t\t\t<div class=\"elementor-widget-container\">\n\t\t\t\t\t\t<nav migration_allowed=\"1\" migrated=\"0\" role=\"navigation\" class=\"elementor-nav-menu--main elementor-nav-menu__container elementor-nav-menu--layout-horizontal e--pointer-background e--animation-sweep-right\"><ul id=\"menu-1-f5f1248\" class=\"elementor-nav-menu\"><li class=\"menu-item menu-item-type-custom menu-item-object-custom menu-item-home menu-item-15\"><a href=\"http:\/\/gassaofrancisco.com.br\/site\/\" class=\"elementor-item\">P\u00e1gina inicial<\/a><\/li>\n<li class=\"menu-item menu-item-type-post_type menu-item-object-page menu-item-16\"><a href=\"https:\/\/gassaofrancisco.com.br\/site\/index.php\/atendimento\/\" class=\"elementor-item\">Quem somos<\/a><\/li>\n<li class=\"menu-item menu-item-type-post_type menu-item-object-page menu-item-17\"><a href=\"https:\/\/gassaofrancisco.com.br\/site\/index.php\/sobre\/\" class=\"elementor-item\">Por que o G\u00e1s S\u00e3o Francisco?<\/a><\/li>\n<li class=\"menu-item menu-item-type-post_type menu-item-object-page menu-item-18\"><a href=\"https:\/\/gassaofrancisco.com.br\/site\/index.php\/revenda\/\" class=\"elementor-item\">Encontre a revenda mais pr\u00f3xima<\/a><\/li>\n<\/ul><\/nav>\n\t\t\t\t\t<div class=\"elementor-menu-toggle\" role=\"button\" tabindex=\"0\" aria-label=\"Menu Toggle\" aria-expanded=\"false\">\n\t\t\t<i aria-hidden=\"true\" role=\"presentation\" class=\"eicon-menu-bar\"><\/i>\t\t\t<span class=\"elementor-screen-only\">Menu<\/span>\n\t\t<\/div>\n\t\t\t<nav class=\"elementor-nav-menu--dropdown elementor-nav-menu__container\" role=\"navigation\" aria-hidden=\"true\"><ul id=\"menu-2-f5f1248\" class=\"elementor-nav-menu\"><li class=\"menu-item menu-item-type-custom menu-item-object-custom menu-item-home menu-item-15\"><a href=\"http:\/\/gassaofrancisco.com.br\/site\/\" class=\"elementor-item\" tabindex=\"-1\">P\u00e1gina inicial<\/a><\/li>\n<li class=\"menu-item menu-item-type-post_type menu-item-object-page menu-item-16\"><a href=\"https:\/\/gassaofrancisco.com.br\/site\/index.php\/atendimento\/\" class=\"elementor-item\" tabindex=\"-1\">Quem somos<\/a><\/li>\n<li class=\"menu-item menu-item-type-post_type menu-item-object-page menu-item-17\"><a href=\"https:\/\/gassaofrancisco.com.br\/site\/index.php\/sobre\/\" class=\"elementor-item\" tabindex=\"-1\">Por que o G\u00e1s S\u00e3o Francisco?<\/a><\/li>\n<li class=\"menu-item menu-item-type-post_type menu-item-object-page menu-item-18\"><a href=\"https:\/\/gassaofrancisco.com.br\/site\/index.php\/revenda\/\" class=\"elementor-item\" tabindex=\"-1\">Encontre a revenda mais pr\u00f3xima<\/a><\/li>\n<\/ul><\/nav>\n\t\t\t\t<\/div>\n\t\t\t\t<\/div>\n\t\t\t\t<div class=\"elementor-element elementor-element-db081c1 elementor-widget elementor-widget-spacer\" data-id=\"db081c1\" data-element_type=\"widget\" data-widget_type=\"spacer.default\">\n\t\t\t\t<div class=\"elementor-widget-container\">\n\t\t\t\t\t<div class=\"elementor-spacer\">\n\t\t\t<div class=\"elementor-spacer-inner\"><\/div>\n\t\t<\/div>\n\t\t\t\t<\/div>\n\t\t\t\t<\/div>\n\t\t\t\t\t<\/div>\n\t\t<\/div>\n\t\t\t\t\t\t\t<\/div>\n\t\t<\/section>\n\t\t\t\t<section class=\"elementor-section elementor-top-section elementor-element elementor-element-5683573 elementor-section-boxed elementor-section-height-default elementor-section-height-default\" data-id=\"5683573\" data-element_type=\"section\">\n\t\t\t\t\t\t<div class=\"elementor-container elementor-column-gap-default\">\n\t\t\t\t\t<div class=\"elementor-column elementor-col-100 elementor-top-column elementor-element elementor-element-ff5c1dc\" data-id=\"ff5c1dc\" data-element_type=\"column\">\n\t\t\t<div class=\"elementor-widget-wrap elementor-element-populated\">\n\t\t\t\t\t\t\t\t<div class=\"elementor-element elementor-element-0ab94b0 elementor-absolute elementor-hidden-desktop elementor-widget elementor-widget-image\" data-id=\"0ab94b0\" data-element_type=\"widget\" data-settings=\"{&quot;_position&quot;:&quot;absolute&quot;}\" data-widget_type=\"image.default\">\n\t\t\t\t<div class=\"elementor-widget-container\">\n\t\t\t\t\t\t\t\t\t\t\t\t\t\t\t<img width=\"134\" height=\"22\" src=\"https:\/\/gassaofrancisco.com.br\/site\/wp-content\/uploads\/2021\/09\/divisao.png\" class=\"attachment-large size-large\" alt=\"\" loading=\"lazy\" style=\"width:100%;height:16.42%;max-width:134px\" \/>\t\t\t\t\t\t\t\t\t\t\t\t\t\t\t<\/div>\n\t\t\t\t<\/div>\n\t\t\t\t\t<\/div>\n\t\t<\/div>\n\t\t\t\t\t\t\t<\/div>\n\t\t<\/section>\n\t\t\t\t<section class=\"elementor-section elementor-top-section elementor-element elementor-element-613d311 elementor-section-boxed elementor-section-height-default elementor-section-height-default\" data-id=\"613d311\" data-element_type=\"section\">\n\t\t\t\t\t\t<div class=\"elementor-container elementor-column-gap-default\">\n\t\t\t\t\t<div class=\"elementor-column elementor-col-100 elementor-top-column elementor-element elementor-element-c6e3380\" data-id=\"c6e3380\" data-element_type=\"column\">\n\t\t\t<div class=\"elementor-widget-wrap elementor-element-populated\">\n\t\t\t\t\t\t\t\t<div class=\"elementor-element elementor-element-d702533 elementor-hidden-tablet elementor-hidden-mobile elementor--h-position-center elementor--v-position-middle elementor-arrows-position-inside elementor-pagination-position-inside elementor-widget elementor-widget-slides\" data-id=\"d702533\" data-element_type=\"widget\" data-settings=\"{&quot;navigation&quot;:&quot;both&quot;,&quot;autoplay&quot;:&quot;yes&quot;,&quot;pause_on_hover&quot;:&quot;yes&quot;,&quot;pause_on_interaction&quot;:&quot;yes&quot;,&quot;autoplay_speed&quot;:5000,&quot;infinite&quot;:&quot;yes&quot;,&quot;transition&quot;:&quot;slide&quot;,&quot;transition_speed&quot;:500}\" data-widget_type=\"slides.default\">\n\t\t\t\t<div class=\"elementor-widget-container\">\n\t\t\t\t\t<div class=\"elementor-swiper\">\n\t\t\t<div class=\"elementor-slides-wrapper elementor-main-swiper swiper-container\" dir=\"ltr\" data-animation=\"fadeInUp\">\n\t\t\t\t<div class=\"swiper-wrapper elementor-slides\">\n\t\t\t\t\t<div class=\"elementor-repeater-item-5a418ae swiper-slide\"><div class=\"swiper-slide-bg\"><\/div><div class=\"swiper-slide-inner\" ><div class=\"swiper-slide-contents\"><\/div><\/div><\/div>\t\t\t\t<\/div>\n\t\t\t\t\t\t\t<\/div>\n\t\t<\/div>\n\t\t\t\t<\/div>\n\t\t\t\t<\/div>\n\t\t\t\t\t<\/div>\n\t\t<\/div>\n\t\t\t\t\t\t\t<\/div>\n\t\t<\/section>\n\t\t\t\t<section class=\"elementor-section elementor-top-section elementor-element elementor-element-579f6db elementor-section-boxed elementor-section-height-default elementor-section-height-default\" data-id=\"579f6db\" data-element_type=\"section\">\n\t\t\t\t\t\t<div class=\"elementor-container elementor-column-gap-default\">\n\t\t\t\t\t<div class=\"elementor-column elementor-col-66 elementor-top-column elementor-element elementor-element-9209dbf\" data-id=\"9209dbf\" data-element_type=\"column\">\n\t\t\t<div class=\"elementor-widget-wrap elementor-element-populated\">\n\t\t\t\t\t\t\t\t<div class=\"elementor-element elementor-element-f4ee413 elementor-widget elementor-widget-heading\" data-id=\"f4ee413\" data-element_type=\"widget\" data-widget_type=\"heading.default\">\n\t\t\t\t<div class=\"elementor-widget-container\">\n\t\t\t<h2 class=\"elementor-heading-title elementor-size-default\">Por que o G\u00e1s S\u00e3o Francisco?<\/h2>\t\t<\/div>\n\t\t\t\t<\/div>\n\t\t\t\t<div class=\"elementor-element elementor-element-653d884 elementor-widget elementor-widget-text-editor\" data-id=\"653d884\" data-element_type=\"widget\" data-widget_type=\"text-editor.default\">\n\t\t\t\t<div class=\"elementor-widget-container\">\n\t\t\t\t\t\t\t<p><strong>Ligou, chegou!<\/strong><\/p><p>Voc\u00ea liga e recebe em poucos minutos o botij\u00e3o na sua casa.<\/p><p>\u00a0<\/p><p><strong>Tradi\u00e7\u00e3o<\/strong><\/p><p>J\u00e1 s\u00e3o mais de 43 anos de experi\u00eancia em oferecer o melhor.<\/p><p>\u00a0<\/p><p><strong>Confian\u00e7a e Seguran\u00e7a<\/strong><br \/>Nossos botij\u00f5es passam por um detalhado processo de inspe\u00e7\u00e3o e seguran\u00e7a antes de entrar na sua casa. Sempre lacrado e pronto para utiliza\u00e7\u00e3o.<\/p><p>\u00a0<\/p><p><strong>Durabilidade<\/strong><br \/>Nosso botij\u00e3o \u00e9 certificado e sempre est\u00e1 no peso certo para durar mais garantindo o melhor produto e economia.<\/p><p>\u00a0<\/p><p><strong>Perto de voc\u00ea<\/strong><br \/>Com mais de 45 revendas, voc\u00ea sempre encontra um G\u00e1s S\u00e3o Francisco perto de voc\u00ea!<\/p>\t\t\t\t\t\t<\/div>\n\t\t\t\t<\/div>\n\t\t\t\t<div class=\"elementor-element elementor-element-8136956 elementor-widget elementor-widget-image\" data-id=\"8136956\" data-element_type=\"widget\" data-widget_type=\"image.default\">\n\t\t\t\t<div class=\"elementor-widget-container\">\n\t\t\t\t\t\t\t\t\t\t\t\t\t\t\t<img src=\"https:\/\/gassaofrancisco.com.br\/site\/wp-content\/uploads\/2021\/09\/linhas_whatsapp.png\" title=\"linhas_whatsapp\" alt=\"linhas_whatsapp\" \/>\t\t\t\t\t\t\t\t\t\t\t\t\t\t\t<\/div>\n\t\t\t\t<\/div>\n\t\t\t\t\t<\/div>\n\t\t<\/div>\n\t\t\t\t<div class=\"elementor-column elementor-col-33 elementor-top-column elementor-element elementor-element-9647da6\" data-id=\"9647da6\" data-element_type=\"column\">\n\t\t\t<div class=\"elementor-widget-wrap elementor-element-populated\">\n\t\t\t\t\t\t\t\t<div class=\"elementor-element elementor-element-5daabc1 elementor-widget elementor-widget-image\" data-id=\"5daabc1\" data-element_type=\"widget\" data-widget_type=\"image.default\">\n\t\t\t\t<div class=\"elementor-widget-container\">\n\t\t\t\t\t\t\t\t\t\t\t\t\t\t\t<img width=\"273\" height=\"339\" src=\"https:\/\/gassaofrancisco.com.br\/site\/wp-content\/uploads\/2021\/11\/MASCOTE_NATAL_02.png\" class=\"attachment-full size-full\" alt=\"\" loading=\"lazy\" srcset=\"https:\/\/gassaofrancisco.com.br\/site\/wp-content\/uploads\/2021\/11\/MASCOTE_NATAL_02.png 273w, https:\/\/gassaofrancisco.com.br\/site\/wp-content\/uploads\/2021\/11\/MASCOTE_NATAL_02-242x300.png 242w\" sizes=\"(max-width: 273px) 100vw, 273px\" style=\"width:100%;height:124.18%;max-width:273px\" \/>\t\t\t\t\t\t\t\t\t\t\t\t\t\t\t<\/div>\n\t\t\t\t<\/div>\n\t\t\t\t\t<\/div>\n\t\t<\/div>\n\t\t\t\t\t\t\t<\/div>\n\t\t<\/section>\n\t\t\t\t<section class=\"elementor-section elementor-top-section elementor-element elementor-element-457fa72 elementor-section-boxed elementor-section-height-default elementor-section-height-default\" data-id=\"457fa72\" data-element_type=\"section\">\n\t\t\t\t\t\t<div class=\"elementor-container elementor-column-gap-default\">\n\t\t\t\t\t<div class=\"elementor-column elementor-col-100 elementor-top-column elementor-element elementor-element-66f7f43\" data-id=\"66f7f43\" data-element_type=\"column\">\n\t\t\t<div class=\"elementor-widget-wrap elementor-element-populated\">\n\t\t\t\t\t\t\t\t<div class=\"elementor-element elementor-element-8e5a971 elementor-widget elementor-widget-spacer\" data-id=\"8e5a971\" data-element_type=\"widget\" data-widget_type=\"spacer.default\">\n\t\t\t\t<div class=\"elementor-widget-container\">\n\t\t\t\t\t<div class=\"elementor-spacer\">\n\t\t\t<div class=\"elementor-spacer-inner\"><\/div>\n\t\t<\/div>\n\t\t\t\t<\/div>\n\t\t\t\t<\/div>\n\t\t\t\t\t<\/div>\n\t\t<\/div>\n\t\t\t\t\t\t\t<\/div>\n\t\t<\/section>\n\t\t\t\t<section class=\"elementor-section elementor-top-section elementor-element elementor-element-3d2804d elementor-section-boxed elementor-section-height-default elementor-section-height-default\" data-id=\"3d2804d\" data-element_type=\"section\">\n\t\t\t\t\t\t<div class=\"elementor-container elementor-column-gap-default\">\n\t\t\t\t\t<div class=\"elementor-column elementor-col-100 elementor-top-column elementor-element elementor-element-50f4cc5\" data-id=\"50f4cc5\" data-element_type=\"column\">\n\t\t\t<div class=\"elementor-widget-wrap\">\n\t\t\t\t\t\t\t\t\t<\/div>\n\t\t<\/div>\n\t\t\t\t\t\t\t<\/div>\n\t\t<\/section>\n\t\t\t\t\t\t<\/div>\n\t\t\t\t\t<\/div>\n\t\t","protected":false},"excerpt":{"rendered":"<p>Por que o G\u00e1s S\u00e3o Francisco? Ligou, chegou! Voc\u00ea liga e recebe em poucos minutos o botij\u00e3o na sua casa. \u00a0 Tradi\u00e7\u00e3o J\u00e1 s\u00e3o mais de 43 anos de experi\u00eancia em oferecer o melhor. \u00a0 Confian\u00e7a e Seguran\u00e7aNossos botij\u00f5es passam por um detalhado processo de inspe\u00e7\u00e3o e seguran\u00e7a antes de entrar na sua casa. Sempre&hellip; <a class=\"more-link\" href=\"https:\/\/gassaofrancisco.com.br\/site\/index.php\/sobre\/\">Continue reading <span class=\"screen-reader-text\">Por que o G\u00e1s S\u00e3o Francisco?<\/span><\/a><\/p>\n","protected":false},"author":1,"featured_media":0,"parent":0,"menu_order":0,"comment_status":"closed","ping_status":"closed","template":"elementor_canvas","meta":{"om_disable_all_campaigns":false,"_monsterinsights_skip_tracking":false,"_monsterinsights_sitenote_active":false,"_monsterinsights_sitenote_note":"","_monsterinsights_sitenote_category":0},"_links":{"self":[{"href":"https:\/\/gassaofrancisco.com.br\/site\/index.php\/wp-json\/wp\/v2\/pages\/9"}],"collection":[{"href":"https:\/\/gassaofrancisco.com.br\/site\/index.php\/wp-json\/wp\/v2\/pages"}],"about":[{"href":"https:\/\/gassaofrancisco.com.br\/site\/index.php\/wp-json\/wp\/v2\/types\/page"}],"author":[{"embeddable":true,"href":"https:\/\/gassaofrancisco.com.br\/site\/index.php\/wp-json\/wp\/v2\/users\/1"}],"replies":[{"embeddable":true,"href":"https:\/\/gassaofrancisco.com.br\/site\/index.php\/wp-json\/wp\/v2\/comments?post=9"}],"version-history":[{"count":86,"href":"https:\/\/gassaofrancisco.com.br\/site\/index.php\/wp-json\/wp\/v2\/pages\/9\/revisions"}],"predecessor-version":[{"id":1220,"href":"https:\/\/gassaofrancisco.com.br\/site\/index.php\/wp-json\/wp\/v2\/pages\/9\/revisions\/1220"}],"wp:attachment":[{"href":"https:\/\/gassaofrancisco.com.br\/site\/index.php\/wp-json\/wp\/v2\/media?parent=9"}],"curies":[{"name":"wp","href":"https:\/\/api.w.org\/{rel}","templated":true}]}}